{"id":15,"date":"2024-09-18T14:51:45","date_gmt":"2024-09-18T14:51:45","guid":{"rendered":"https:\/\/gonzalo.carlosdeblas.es\/?page_id=15"},"modified":"2024-11-04T09:44:28","modified_gmt":"2024-11-04T09:44:28","slug":"home","status":"publish","type":"page","link":"https:\/\/gonzalo.carlosdeblas.es\/","title":{"rendered":"Home"},"content":{"rendered":"\t\t<div data-elementor-type=\"wp-page\" data-elementor-id=\"15\" class=\"elementor elementor-15\" data-elementor-post-type=\"page\">\n\t\t\t\t\t\t<section class=\"elementor-section elementor-top-section elementor-element elementor-element-29d7526 elementor-section-boxed elementor-section-height-default elementor-section-height-default\" data-id=\"29d7526\" data-element_type=\"section\" data-e-type=\"section\">\n\t\t\t\t\t\t<div class=\"elementor-container elementor-column-gap-default\">\n\t\t\t\t\t<div class=\"elementor-column elementor-col-100 elementor-top-column elementor-element elementor-element-ef74ab6\" data-id=\"ef74ab6\" data-element_type=\"column\" data-e-type=\"column\">\n\t\t\t<div class=\"elementor-widget-wrap elementor-element-populated\">\n\t\t\t\t\t\t<div class=\"elementor-element elementor-element-a6e2e3a elementor-widget elementor-widget-event-listing\" data-id=\"a6e2e3a\" data-element_type=\"widget\" data-e-type=\"widget\" data-widget_type=\"event-listing.default\">\n\t\t\t\t<div class=\"elementor-widget-container\">\n\t\t\t\t\t<div class=\"event_listings\" data-location=\"\" data-keywords=\"\" data-show_filters=\"false\" data-show_pagination=\"false\" data-per_page=\"10\" data-orderby=\"event_start_date\" data-order=\"DESC\" data-datetimes=\"\" data-categories=\"\" data-event_types=\"\" data-ticket_prices=\"\" data-event_online=\"\" ><div class=\"wpem-main wpem-event-listings-header\">\r\n    <div class=\"wpem-row\">\r\n        <div class=\"wpem-col wpem-col-12 wpem-col-sm-6 wpem-col-md-6 wpem-col-lg-8\">\r\n            <div class=\"wpem-event-listing-header-title\">\r\n                                    <h2 class=\"wpem-heading-text\">Events<\/h2>\r\n                            <\/div>\r\n        <\/div>\r\n        <div class=\"wpem-col wpem-col-12 wpem-col-sm-6 wpem-col-md-6 wpem-col-lg-4\">\r\n            <div class=\"wpem-event-layout-action-wrapper\">\r\n                <div class=\"wpem-event-layout-action\">\r\n                                    <\/div>\r\n            <\/div>\r\n        <\/div>\r\n    <\/div>\r\n<\/div>\r\n\r\n<!-- Event listing view -->\r\n<div class=\"event_listings_main\">\r\n    <div id=\"event-listing-view\" class=\"wpem-main wpem-event-listings event_listings wpem-row wpem-event-listing-box-view\" data-id=\"box\"><div class=\"wpem-event-box-col wpem-col wpem-col-12 wpem-col-md-6 wpem-col-lg-4\">\n    <!----- wpem-col-lg-4 value can be change by admin settings ------->\n    <div class=\"wpem-event-layout-wrapper\">\n        <div class=\"event_listing event-type-game-or-competition post-41 type-event_listing status-expired hentry event_listing_category-community-culture event_listing_type-game-or-competition\">\n            <a href=\"https:\/\/gonzalo.carlosdeblas.es\/index.php\/event\/prueba-de-evento\/\" class=\"wpem-event-action-url event-style-color game-or-competition\">\n                <div class=\"wpem-event-banner\">\n                    <div class=\"wpem-event-banner-img\" style=\"background-image: url(https:\/\/gonzalo.carlosdeblas.es\/wp-content\/plugins\/wp-event-manager\/assets\/images\/wpem-placeholder-wide.jpg)\">\n                        <!-- Hide in list View \/\/ Show in Box View -->\n                                                <div class=\"wpem-event-date\">\n                            <div class=\"wpem-event-date-type\">\n                                                                    <div class=\"wpem-from-date\">\n                                        <div class=\"wpem-date\">21<\/div>\n                                        <div class=\"wpem-month\">Sep<\/div>\n                                    <\/div>\n                                                            <\/div>\n                        <\/div>\n                        <!-- Hide in list View \/\/ Show in Box View -->\n                    <\/div>\n                <\/div>\n\n                <div class=\"wpem-event-infomation\">\n                    <div class=\"wpem-event-date\">\n                        <div class=\"wpem-event-date-type\">\n                                                            <div class=\"wpem-from-date\">\n                                    <div class=\"wpem-date\">21<\/div>\n                                    <div class=\"wpem-month\">Sep<\/div>\n                                <\/div>\n                                                            <div class=\"wpem-to-date\">\n                                    <div class=\"wpem-date-separator\">-<\/div>\n                                    <div class=\"wpem-date\">21<\/div>\n                                    <div class=\"wpem-month\">Sep<\/div>\n                                <\/div>\n                                                    <\/div>\n                    <\/div>\n\n                    <div class=\"wpem-event-details\">\n                                                <div class=\"wpem-event-title\">\n                            <h3 class=\"wpem-heading-text\">Prueba de Evento<\/h3>\n                        <\/div>\n\n                        <div class=\"wpem-event-date-time\">\n                            <span class=\"wpem-event-date-time-text\">\n                                21-09-2024                                a las  16:00 - 21-09-2024a las  20:30                            <\/span>\n                        <\/div>\n                        <div class=\"wpem-event-location\">\n                            <span class=\"wpem-event-location-text\">\n                                Cartagena                            <\/span>\n                        <\/div>\n                                                    <div class=\"wpem-event-type\"><a href=\"https:\/\/gonzalo.carlosdeblas.es\/index.php\/event-type\/game-or-competition\/\"><span class=\"wpem-event-type-text event-type game-or-competition \">Game or Competition<\/span><\/a><\/div>\n                        \n                        <!-- Show in list View \/\/ Hide in Box View -->\n                                                <!-- Show in list View \/\/ Hide in Box View -->\n                                            <\/div>\n                <\/div>\n            <\/a>\n        <\/div>\n    <\/div>\n<\/div><\/div>\n<\/div><\/div>\t\t\t\t<\/div>\n\t\t\t\t<\/div>\n\t\t\t\t\t<\/div>\n\t\t<\/div>\n\t\t\t\t\t<\/div>\n\t\t<\/section>\n\t\t\t\t<section class=\"elementor-section elementor-top-section elementor-element elementor-element-b5b87c9 elementor-section-boxed elementor-section-height-default elementor-section-height-default\" data-id=\"b5b87c9\" data-element_type=\"section\" data-e-type=\"section\">\n\t\t\t\t\t\t<div class=\"elementor-container elementor-column-gap-default\">\n\t\t\t\t\t<div class=\"elementor-column elementor-col-100 elementor-top-column elementor-element elementor-element-acca0e4\" data-id=\"acca0e4\" data-element_type=\"column\" data-e-type=\"column\">\n\t\t\t<div class=\"elementor-widget-wrap elementor-element-populated\">\n\t\t\t\t\t\t<div class=\"elementor-element elementor-element-39120fe elementor-widget elementor-widget-shortcode\" data-id=\"39120fe\" data-element_type=\"widget\" data-e-type=\"widget\" data-widget_type=\"shortcode.default\">\n\t\t\t\t<div class=\"elementor-widget-container\">\n\t\t\t\t\t\t\t<div class=\"elementor-shortcode\">\n\n<div id=\"sb_youtube_sbyUC0FN5kUGMXz3mAgxZCcpkg3\" \n\t class=\"sb_youtube sby_layout_grid sby_col_3 sby_mob_col_1 sby_palette_inherit  sby_width_resp\" \n\tdata-feedid=\"sby_UC0FN5kU_GMXz3mAgxZCcpkg#3\" \n\tdata-shortcode-atts=\"{&quot;feed&quot;:&quot;1&quot;}\" \n\tdata-cols=\"3\" \n\tdata-colsmobile=\"1\" \n\tdata-num=\"3\" \n\tdata-nummobile=\"3\" \n\tdata-channel-subscribers=\"22 suscriptores\"\tdata-subscribe-btn=\"1\" \n\tdata-subscribe-btn-text=\"Suscr\u00edbete\" \n\tdata_channel_header_colors =\"{&quot;channelName&quot;:&quot;&quot;,&quot;subscribeCount&quot;:&quot;&quot;,&quot;buttonBackground&quot;:&quot;&quot;,&quot;buttonText&quot;:&quot;&quot;}\"\n\t data-sby-flags=\"resizeDisable\" data-postid=\"41\" data-sby-supports-lightbox=\"1\" \n\t data-videocardlayout=\"vertical\" \n>\n\t        <div class=\"sby_items_wrap\" style=\"padding: 5px;\">\n\t\t<div class=\"sby_item  sby_new sby_transition\" id=\"sby_UC0FN5kU_GMXz3mAgxZCcpkg_LhwnIuBTUhw\" data-date=\"1706726699\" data-video-id=\"LhwnIuBTUhw\">\n    <div class=\"sby_inner_item\">\n        <div class=\"sby_video_thumbnail_wrap sby_item_video_thumbnail_wrap\">\n            <a class=\"sby_video_thumbnail sby_item_video_thumbnail\" href=\"https:\/\/www.youtube.com\/watch?v=LhwnIuBTUhw\" target=\"_blank\" rel=\"noopener\" data-full-res=\"https:\/\/i1.ytimg.com\/vi\/LhwnIuBTUhw\/maxresdefault.jpg\" data-img-src-set=\"{&quot;120&quot;:&quot;https:\\\/\\\/i1.ytimg.com\\\/vi\\\/LhwnIuBTUhw\\\/default.jpg&quot;,&quot;320&quot;:&quot;https:\\\/\\\/i1.ytimg.com\\\/vi\\\/LhwnIuBTUhw\\\/mqdefault.jpg&quot;,&quot;480&quot;:&quot;https:\\\/\\\/i1.ytimg.com\\\/vi\\\/LhwnIuBTUhw\\\/hqdefault.jpg&quot;,&quot;640&quot;:&quot;https:\\\/\\\/i1.ytimg.com\\\/vi\\\/LhwnIuBTUhw\\\/sddefault.jpg&quot;}\" data-video-id=\"LhwnIuBTUhw\" data-video-title=\"LaClinic Barcelona - Cl\u00ednica de Medicina Est\u00e9tica y Depilaci\u00f3n L\u00e1ser\">\n                <img decoding=\"async\" src=\"https:\/\/gonzalo.carlosdeblas.es\/wp-content\/plugins\/feeds-for-youtube\/img\/placeholder.png\" alt=\"En LaClinic te ofrecemos un trato personalizado al detalle.\n\nContamos con los mejores profesionales, con amplia experiencia en el sector y la mejor aparatolog\u00eda del mercado. Estamos continuamente en formaci\u00f3n, por lo que ofrecemos los tratamientos m\u00e1s innovadores y vanguardistas. Utilizamos los mejores productos del mercado, con marcas de prestigio y con garant\u00eda de calidad de todos los tratamientos que realizamos, a un precio justo, ya que consideramos un derecho sentirse bien con uno mismo.\n\nTodos nuestros tratamientos est\u00e1n realizados o supervisados (en caso de la depilaci\u00f3n l\u00e1ser) por personal m\u00e9dico especializado en medicina est\u00e9tica y l\u00e1ser. Queremos que te sientas como en casa, que te sientas cuidado y mimado, pero sobretodo, que te vayas cumpliendo tus expectativas. Sobre todo y ante todo, buscamos un resultado natural, siempre intentando ajustarnos a tus deseos.\">\n\n                <div class=\"sby_thumbnail_hover sby_item_video_thumbnail_hover\">\n                    <div class=\"sby_thumbnail_hover_inner\">\n                                                    <span class=\"sby_video_title\" >LaClinic Barcelona - Cl\u00ednica de Medicina Est\u00e9tica y Depilaci\u00f3n L\u00e1ser<\/span>\n                                            <\/div>\n                <\/div>\n\n                                    <div class=\"sby_play_btn\" >\n                        <span class=\"sby_play_btn_bg\"><\/span>\n                        <svg aria-hidden=\"true\" focusable=\"false\" data-prefix=\"fab\" data-icon=\"youtube\" role=\"img\" xmlns=\"http:\/\/www.w3.org\/2000\/svg\" viewBox=\"0 0 576 512\" class=\"svg-inline--fa fa-youtube fa-w-18\"><path fill=\"currentColor\" d=\"M549.655 124.083c-6.281-23.65-24.787-42.276-48.284-48.597C458.781 64 288 64 288 64S117.22 64 74.629 75.486c-23.497 6.322-42.003 24.947-48.284 48.597-11.412 42.867-11.412 132.305-11.412 132.305s0 89.438 11.412 132.305c6.281 23.65 24.787 41.5 48.284 47.821C117.22 448 288 448 288 448s170.78 0 213.371-11.486c23.497-6.321 42.003-24.171 48.284-47.821 11.412-42.867 11.412-132.305 11.412-132.305s0-89.438-11.412-132.305zm-317.51 213.508V175.185l142.739 81.205-142.739 81.201z\" class=\"\"><\/path><\/svg>                    <\/div>\n                                <span class=\"sby_loader sby_hidden\" style=\"background-color: rgb(255, 255, 255);\"><\/span>\n            <\/a>\n\n                    <\/div>\n    <\/div>\n<\/div><div class=\"sby_item  sby_new sby_transition\" id=\"sby_UC0FN5kU_GMXz3mAgxZCcpkg_fo8TVEJKWyE\" data-date=\"1702633141\" data-video-id=\"fo8TVEJKWyE\">\n    <div class=\"sby_inner_item\">\n        <div class=\"sby_video_thumbnail_wrap sby_item_video_thumbnail_wrap\">\n            <a class=\"sby_video_thumbnail sby_item_video_thumbnail\" href=\"https:\/\/www.youtube.com\/watch?v=fo8TVEJKWyE\" target=\"_blank\" rel=\"noopener\" data-full-res=\"https:\/\/i3.ytimg.com\/vi\/fo8TVEJKWyE\/maxresdefault.jpg\" data-img-src-set=\"{&quot;120&quot;:&quot;https:\\\/\\\/i3.ytimg.com\\\/vi\\\/fo8TVEJKWyE\\\/default.jpg&quot;,&quot;320&quot;:&quot;https:\\\/\\\/i3.ytimg.com\\\/vi\\\/fo8TVEJKWyE\\\/mqdefault.jpg&quot;,&quot;480&quot;:&quot;https:\\\/\\\/i3.ytimg.com\\\/vi\\\/fo8TVEJKWyE\\\/hqdefault.jpg&quot;,&quot;640&quot;:&quot;https:\\\/\\\/i3.ytimg.com\\\/vi\\\/fo8TVEJKWyE\\\/sddefault.jpg&quot;}\" data-video-id=\"fo8TVEJKWyE\" data-video-title=\"Clinica M\u00e9dica Est\u00e9tica Dra. Liliana Burgos - Testimonio Ana Garc\u00eda\">\n                <img decoding=\"async\" src=\"https:\/\/gonzalo.carlosdeblas.es\/wp-content\/plugins\/feeds-for-youtube\/img\/placeholder.png\" alt=\"\">\n\n                <div class=\"sby_thumbnail_hover sby_item_video_thumbnail_hover\">\n                    <div class=\"sby_thumbnail_hover_inner\">\n                                                    <span class=\"sby_video_title\" >Clinica M\u00e9dica Est\u00e9tica Dra. Liliana Burgos - Testimonio Ana Garc\u00eda<\/span>\n                                            <\/div>\n                <\/div>\n\n                                    <div class=\"sby_play_btn\" >\n                        <span class=\"sby_play_btn_bg\"><\/span>\n                        <svg aria-hidden=\"true\" focusable=\"false\" data-prefix=\"fab\" data-icon=\"youtube\" role=\"img\" xmlns=\"http:\/\/www.w3.org\/2000\/svg\" viewBox=\"0 0 576 512\" class=\"svg-inline--fa fa-youtube fa-w-18\"><path fill=\"currentColor\" d=\"M549.655 124.083c-6.281-23.65-24.787-42.276-48.284-48.597C458.781 64 288 64 288 64S117.22 64 74.629 75.486c-23.497 6.322-42.003 24.947-48.284 48.597-11.412 42.867-11.412 132.305-11.412 132.305s0 89.438 11.412 132.305c6.281 23.65 24.787 41.5 48.284 47.821C117.22 448 288 448 288 448s170.78 0 213.371-11.486c23.497-6.321 42.003-24.171 48.284-47.821 11.412-42.867 11.412-132.305 11.412-132.305s0-89.438-11.412-132.305zm-317.51 213.508V175.185l142.739 81.205-142.739 81.201z\" class=\"\"><\/path><\/svg>                    <\/div>\n                                <span class=\"sby_loader sby_hidden\" style=\"background-color: rgb(255, 255, 255);\"><\/span>\n            <\/a>\n\n                    <\/div>\n    <\/div>\n<\/div><div class=\"sby_item  sby_new sby_transition\" id=\"sby_UC0FN5kU_GMXz3mAgxZCcpkg_SccHsvjYISU\" data-date=\"1702632878\" data-video-id=\"SccHsvjYISU\">\n    <div class=\"sby_inner_item\">\n        <div class=\"sby_video_thumbnail_wrap sby_item_video_thumbnail_wrap\">\n            <a class=\"sby_video_thumbnail sby_item_video_thumbnail\" href=\"https:\/\/www.youtube.com\/watch?v=SccHsvjYISU\" target=\"_blank\" rel=\"noopener\" data-full-res=\"https:\/\/i4.ytimg.com\/vi\/SccHsvjYISU\/maxresdefault.jpg\" data-img-src-set=\"{&quot;120&quot;:&quot;https:\\\/\\\/i4.ytimg.com\\\/vi\\\/SccHsvjYISU\\\/default.jpg&quot;,&quot;320&quot;:&quot;https:\\\/\\\/i4.ytimg.com\\\/vi\\\/SccHsvjYISU\\\/mqdefault.jpg&quot;,&quot;480&quot;:&quot;https:\\\/\\\/i4.ytimg.com\\\/vi\\\/SccHsvjYISU\\\/hqdefault.jpg&quot;,&quot;640&quot;:&quot;https:\\\/\\\/i4.ytimg.com\\\/vi\\\/SccHsvjYISU\\\/sddefault.jpg&quot;}\" data-video-id=\"SccHsvjYISU\" data-video-title=\"Cl\u00ednica M\u00e9dica Est\u00e9tica Dra. Liliana Burgos - Testimonio Alberto Zabala\">\n                <img decoding=\"async\" src=\"https:\/\/gonzalo.carlosdeblas.es\/wp-content\/plugins\/feeds-for-youtube\/img\/placeholder.png\" alt=\"\">\n\n                <div class=\"sby_thumbnail_hover sby_item_video_thumbnail_hover\">\n                    <div class=\"sby_thumbnail_hover_inner\">\n                                                    <span class=\"sby_video_title\" >Cl\u00ednica M\u00e9dica Est\u00e9tica Dra. Liliana Burgos - Testimonio Alberto Zabala<\/span>\n                                            <\/div>\n                <\/div>\n\n                                    <div class=\"sby_play_btn\" >\n                        <span class=\"sby_play_btn_bg\"><\/span>\n                        <svg aria-hidden=\"true\" focusable=\"false\" data-prefix=\"fab\" data-icon=\"youtube\" role=\"img\" xmlns=\"http:\/\/www.w3.org\/2000\/svg\" viewBox=\"0 0 576 512\" class=\"svg-inline--fa fa-youtube fa-w-18\"><path fill=\"currentColor\" d=\"M549.655 124.083c-6.281-23.65-24.787-42.276-48.284-48.597C458.781 64 288 64 288 64S117.22 64 74.629 75.486c-23.497 6.322-42.003 24.947-48.284 48.597-11.412 42.867-11.412 132.305-11.412 132.305s0 89.438 11.412 132.305c6.281 23.65 24.787 41.5 48.284 47.821C117.22 448 288 448 288 448s170.78 0 213.371-11.486c23.497-6.321 42.003-24.171 48.284-47.821 11.412-42.867 11.412-132.305 11.412-132.305s0-89.438-11.412-132.305zm-317.51 213.508V175.185l142.739 81.205-142.739 81.201z\" class=\"\"><\/path><\/svg>                    <\/div>\n                                <span class=\"sby_loader sby_hidden\" style=\"background-color: rgb(255, 255, 255);\"><\/span>\n            <\/a>\n\n                    <\/div>\n    <\/div>\n<\/div>    <\/div>\n    \n\t<div class=\"sby_footer\">\n\n\n<\/div>\n    \n\t\n<\/div>\n\n<style type=\"text\/css\">body #sb_youtube_sbyUC0FN5kUGMXz3mAgxZCcpkg3 .sby_caption_wrap .sby_caption { font-size: 13px !important}body #sb_youtube_sbyUC0FN5kUGMXz3mAgxZCcpkg3 .sby_follow_btn a:hover { box-shadow:inset 0 0 10px 20px rgb(255, 255, 255, .25) !important}body #sb_youtube_sbyUC0FN5kUGMXz3mAgxZCcpkg3[data-videostyle=boxed] .sby_items_wrap .sby_item .sby_inner_item { background-color: #ffffff !important}<\/style><\/div>\n\t\t\t\t\t\t<\/div>\n\t\t\t\t<\/div>\n\t\t\t\t\t<\/div>\n\t\t<\/div>\n\t\t\t\t\t<\/div>\n\t\t<\/section>\n\t\t\t\t<\/div>\n\t\t","protected":false},"excerpt":{"rendered":"<p>Events 21 Sep 21 Sep &#8211; 21 Sep Prueba de Evento 21-09-2024 a las 16:00 &#8211; 21-09-2024 a las 20:30 Cartagena Game or Competition<\/p>\n","protected":false},"author":1,"featured_media":0,"parent":0,"menu_order":0,"comment_status":"closed","ping_status":"closed","template":"elementor_header_footer","meta":{"site-sidebar-layout":"no-sidebar","site-content-layout":"page-builder","ast-site-content-layout":"full-width-container","site-content-style":"default","site-sidebar-style":"default","ast-global-header-display":"","ast-banner-title-visibility":"","ast-main-header-display":"","ast-hfb-above-header-display":"","ast-hfb-below-header-display":"","ast-hfb-mobile-header-display":"","site-post-title":"disabled","ast-breadcrumbs-content":"","ast-featured-img":"disabled","footer-sml-layout":"","ast-disable-related-posts":"","theme-transparent-header-meta":"","adv-header-id-meta":"","stick-header-meta":"","header-above-stick-meta":"","header-main-stick-meta":"","header-below-stick-meta":"","astra-migrate-meta-layouts":"default","ast-page-background-enabled":"default","ast-page-background-meta":{"desktop":{"background-color":"var(--ast-global-color-4)","background-image":"","background-repeat":"repeat","background-position":"center center","background-size":"auto","background-attachment":"scroll","background-type":"","background-media":"","overlay-type":"","overlay-color":"","overlay-opacity":"","overlay-gradient":""},"tablet":{"background-color":"","background-image":"","background-repeat":"repeat","background-position":"center center","background-size":"auto","background-attachment":"scroll","background-type":"","background-media":"","overlay-type":"","overlay-color":"","overlay-opacity":"","overlay-gradient":""},"mobile":{"background-color":"","background-image":"","background-repeat":"repeat","background-position":"center center","background-size":"auto","background-attachment":"scroll","background-type":"","background-media":"","overlay-type":"","overlay-color":"","overlay-opacity":"","overlay-gradient":""}},"ast-content-background-meta":{"desktop":{"background-color":"var(--ast-global-color-5)","background-image":"","background-repeat":"repeat","background-position":"center center","background-size":"auto","background-attachment":"scroll","background-type":"","background-media":"","overlay-type":"","overlay-color":"","overlay-opacity":"","overlay-gradient":""},"tablet":{"background-color":"var(--ast-global-color-5)","background-image":"","background-repeat":"repeat","background-position":"center center","background-size":"auto","background-attachment":"scroll","background-type":"","background-media":"","overlay-type":"","overlay-color":"","overlay-opacity":"","overlay-gradient":""},"mobile":{"background-color":"var(--ast-global-color-5)","background-image":"","background-repeat":"repeat","background-position":"center center","background-size":"auto","background-attachment":"scroll","background-type":"","background-media":"","overlay-type":"","overlay-color":"","overlay-opacity":"","overlay-gradient":""}},"footnotes":""},"class_list":["post-15","page","type-page","status-publish","hentry"],"_links":{"self":[{"href":"https:\/\/gonzalo.carlosdeblas.es\/index.php\/wp-json\/wp\/v2\/pages\/15","targetHints":{"allow":["GET"]}}],"collection":[{"href":"https:\/\/gonzalo.carlosdeblas.es\/index.php\/wp-json\/wp\/v2\/pages"}],"about":[{"href":"https:\/\/gonzalo.carlosdeblas.es\/index.php\/wp-json\/wp\/v2\/types\/page"}],"author":[{"embeddable":true,"href":"https:\/\/gonzalo.carlosdeblas.es\/index.php\/wp-json\/wp\/v2\/users\/1"}],"replies":[{"embeddable":true,"href":"https:\/\/gonzalo.carlosdeblas.es\/index.php\/wp-json\/wp\/v2\/comments?post=15"}],"version-history":[{"count":7,"href":"https:\/\/gonzalo.carlosdeblas.es\/index.php\/wp-json\/wp\/v2\/pages\/15\/revisions"}],"predecessor-version":[{"id":58,"href":"https:\/\/gonzalo.carlosdeblas.es\/index.php\/wp-json\/wp\/v2\/pages\/15\/revisions\/58"}],"wp:attachment":[{"href":"https:\/\/gonzalo.carlosdeblas.es\/index.php\/wp-json\/wp\/v2\/media?parent=15"}],"curies":[{"name":"wp","href":"https:\/\/api.w.org\/{rel}","templated":true}]}}